{"id":646,"date":"2024-10-24T08:57:23","date_gmt":"2024-10-24T08:57:23","guid":{"rendered":"https:\/\/riccardov12.sg-host.com\/?page_id=646"},"modified":"2025-12-03T14:45:58","modified_gmt":"2025-12-03T13:45:58","slug":"collaborazioni-vibram","status":"publish","type":"page","link":"https:\/\/wellwalking.it\/eng\/collaborazioni\/collaborazioni-vibram\/","title":{"rendered":"Vibram"},"content":{"rendered":"<div data-elementor-type=\"wp-page\" data-elementor-id=\"646\" class=\"elementor elementor-646\" data-elementor-post-type=\"page\">\n\t\t\t\t<div class=\"elementor-element elementor-element-6e85ed6 e-flex e-con-boxed e-con e-parent\" data-id=\"6e85ed6\" data-element_type=\"container\">\n\t\t\t\t\t<div class=\"e-con-inner\">\n\t\t\t\t<div class=\"elementor-element elementor-element-a953473 elementor-widget__width-inherit elementor-widget elementor-widget-heading\" data-id=\"a953473\" data-element_type=\"widget\" data-widget_type=\"heading.default\">\n\t\t\t\t<div class=\"elementor-widget-container\">\n\t\t\t\t\t<h1 class=\"elementor-heading-title elementor-size-default\">Only superior quality materials<\/h1>\t\t\t\t<\/div>\n\t\t\t\t<\/div>\n\t\t\t\t<div class=\"elementor-element elementor-element-912a2a0 elementor-widget-divider--view-line elementor-widget elementor-widget-divider\" data-id=\"912a2a0\" data-element_type=\"widget\" data-widget_type=\"divider.default\">\n\t\t\t\t<div class=\"elementor-widget-container\">\n\t\t\t\t\t\t\t<div class=\"elementor-divider\">\n\t\t\t<span class=\"elementor-divider-separator\">\n\t\t\t\t\t\t<\/span>\n\t\t<\/div>\n\t\t\t\t\t\t<\/div>\n\t\t\t\t<\/div>\n\t\t\t\t<div class=\"elementor-element elementor-element-f37880b elementor-widget__width-inherit elementor-widget elementor-widget-heading\" data-id=\"f37880b\" data-element_type=\"widget\" data-widget_type=\"heading.default\">\n\t\t\t\t<div class=\"elementor-widget-container\">\n\t\t\t\t\t<h2 class=\"elementor-heading-title elementor-size-default\">Vibram<\/h2>\t\t\t\t<\/div>\n\t\t\t\t<\/div>\n\t\t<div class=\"elementor-element elementor-element-1cdebdd e-flex e-con-boxed e-con e-child\" data-id=\"1cdebdd\" data-element_type=\"container\">\n\t\t\t\t\t<div class=\"e-con-inner\">\n\t\t\t\t<div class=\"elementor-element elementor-element-23ea71e elementor-widget__width-initial elementor-widget elementor-widget-text-editor\" data-id=\"23ea71e\" data-element_type=\"widget\" data-widget_type=\"text-editor.default\">\n\t\t\t\t<div class=\"elementor-widget-container\">\n\t\t\t\t\t\t\t\t\t<p>Vibram has been a leader in the development of products for the orthopedic sector since the mid-1970s. Vibram\u2019s research and development has focused considerable efforts on the study and subsequently on the development of expanded compounds to be used both in comfort footwear products and for the customization of orthopedic footwear.<\/p><p>Since the beginning of the 2000s, Vibram has then created a specific team made up of engineers, doctors and companies in the sector, for the development of products for the production of orthopedic insoles. Before being presented on the market, the products must pass stringent controls both through field tests and in the SATRA laboratory to meet the ISO 45001 (Health &amp; Safety) and Reach parameters.<\/p><p>FITO has found in Vibram the ideal partner to be able to satisfy its corporate mission. Vibram, convinced by our mission, has decided to embark on a historic collaboration to bring its best products to the Italian market to protect the foot especially if affected by rheumatic or diabetic problems.<\/p>\t\t\t\t\t\t\t\t<\/div>\n\t\t\t\t<\/div>\n\t\t\t\t\t<\/div>\n\t\t\t\t<\/div>\n\t\t\t\t\t<\/div>\n\t\t\t\t<\/div>\n\t\t<div class=\"elementor-element elementor-element-551256b e-flex e-con-boxed e-con e-parent\" data-id=\"551256b\" data-element_type=\"container\">\n\t\t\t\t\t<div class=\"e-con-inner\">\n\t\t\t\t<div class=\"elementor-element elementor-element-46586e2 elementor-widget-divider--view-line elementor-widget elementor-widget-divider\" data-id=\"46586e2\" data-element_type=\"widget\" data-widget_type=\"divider.default\">\n\t\t\t\t<div class=\"elementor-widget-container\">\n\t\t\t\t\t\t\t<div class=\"elementor-divider\">\n\t\t\t<span class=\"elementor-divider-separator\">\n\t\t\t\t\t\t<\/span>\n\t\t<\/div>\n\t\t\t\t\t\t<\/div>\n\t\t\t\t<\/div>\n\t\t\t\t<div class=\"elementor-element elementor-element-4466766 elementor-widget__width-inherit elementor-widget elementor-widget-heading\" data-id=\"4466766\" data-element_type=\"widget\" data-widget_type=\"heading.default\">\n\t\t\t\t<div class=\"elementor-widget-container\">\n\t\t\t\t\t<h2 class=\"elementor-heading-title elementor-size-default\">Vibram DIFLEX ULTRACOMFORT<\/h2>\t\t\t\t<\/div>\n\t\t\t\t<\/div>\n\t\t\t\t<div class=\"elementor-element elementor-element-232d7c4 elementor-widget elementor-widget-text-editor\" data-id=\"232d7c4\" data-element_type=\"widget\" data-widget_type=\"text-editor.default\">\n\t\t\t\t<div class=\"elementor-widget-container\">\n\t\t\t\t\t\t\t\t\t<p>The best lining material to protect patients suffering from metatarsal pain or rheumatism. The main characteristics of the material are:<\/p><p>ANTIBACTERIAL(JIS Z 2801-2000)<br \/>Diflex Ultracomfort contrasts the development and multiplication of bacteria. This feature is essential in order to protect the foot of rheumatic and\/or at risk patients who must avoid placing their foot on a material where bacteria proliferate.\nThe material is presented in different thicknesses and colours. The smooth finish was voluntarily adopted in order to avoid any possible proliferation of bacteria between the micro-perforations. Our Mission is clear: no compromise on health<\/p><p><span class=\"s1\">ANTI FUNGUS<\/span> (UNI EN 14119)<br \/><span class=\"s1\">Dermo compatible<\/span> (Cytotoxicity: ISO 10993-5; Dermo compatibility ISO 10993-10): Diflex Ultracomfort counteracts the proliferation of fungi that can arise in the daily use of a product, but which macerate the skin; this situation must be avoided to preserve already fragile feet and skin.<\/p><p>SELF-SHAPING<br \/>The Diflex Ultracomfort is presented by Vibram and their product development partners as the best compromise between lift and self-modelling; this allows the pressure peaks to be rebalanced very quickly.<\/p>\t\t\t\t\t\t\t\t<\/div>\n\t\t\t\t<\/div>\n\t\t\t\t\t<\/div>\n\t\t\t\t<\/div>\n\t\t<div class=\"elementor-element elementor-element-7df3254 e-con-full e-flex e-con e-parent\" data-id=\"7df3254\" data-element_type=\"container\">\n\t\t\t\t<div class=\"elementor-element elementor-element-9d557d1 elementor-widget-mobile__width-initial elementor-widget__width-initial elementor-widget-tablet__width-initial elementor-widget elementor-widget-image\" data-id=\"9d557d1\" data-element_type=\"widget\" data-widget_type=\"image.default\">\n\t\t\t\t<div class=\"elementor-widget-container\">\n\t\t\t\t\t\t\t\t\t\t\t\t\t\t\t<img loading=\"lazy\" decoding=\"async\" width=\"1920\" height=\"1220\" src=\"https:\/\/wellwalking.it\/wp-content\/uploads\/Fito_121.jpg\" class=\"attachment-full size-full wp-image-662\" alt=\"\" srcset=\"https:\/\/wellwalking.it\/wp-content\/uploads\/Fito_121.jpg 1920w, https:\/\/wellwalking.it\/wp-content\/uploads\/Fito_121-300x191.jpg 300w, https:\/\/wellwalking.it\/wp-content\/uploads\/Fito_121-1024x651.jpg 1024w, https:\/\/wellwalking.it\/wp-content\/uploads\/Fito_121-768x488.jpg 768w, https:\/\/wellwalking.it\/wp-content\/uploads\/Fito_121-1536x976.jpg 1536w, https:\/\/wellwalking.it\/wp-content\/uploads\/Fito_121-600x381.jpg 600w\" sizes=\"auto, (max-width: 1920px) 100vw, 1920px\" \/>\t\t\t\t\t\t\t\t\t\t\t\t\t\t\t<\/div>\n\t\t\t\t<\/div>\n\t\t\t\t<div class=\"elementor-element elementor-element-4312734 elementor-widget-mobile__width-initial elementor-widget__width-initial elementor-widget-tablet__width-initial elementor-widget elementor-widget-image\" data-id=\"4312734\" data-element_type=\"widget\" data-widget_type=\"image.default\">\n\t\t\t\t<div class=\"elementor-widget-container\">\n\t\t\t\t\t\t\t\t\t\t\t\t\t\t\t<img loading=\"lazy\" decoding=\"async\" width=\"1920\" height=\"1220\" src=\"https:\/\/wellwalking.it\/wp-content\/uploads\/Fito_122.jpg\" class=\"attachment-full size-full wp-image-663\" alt=\"\" srcset=\"https:\/\/wellwalking.it\/wp-content\/uploads\/Fito_122.jpg 1920w, https:\/\/wellwalking.it\/wp-content\/uploads\/Fito_122-300x191.jpg 300w, https:\/\/wellwalking.it\/wp-content\/uploads\/Fito_122-1024x651.jpg 1024w, https:\/\/wellwalking.it\/wp-content\/uploads\/Fito_122-768x488.jpg 768w, https:\/\/wellwalking.it\/wp-content\/uploads\/Fito_122-1536x976.jpg 1536w, https:\/\/wellwalking.it\/wp-content\/uploads\/Fito_122-600x381.jpg 600w\" sizes=\"auto, (max-width: 1920px) 100vw, 1920px\" \/>\t\t\t\t\t\t\t\t\t\t\t\t\t\t\t<\/div>\n\t\t\t\t<\/div>\n\t\t\t\t<\/div>\n\t\t<div class=\"elementor-element elementor-element-f6c33ee e-flex e-con-boxed e-con e-parent\" data-id=\"f6c33ee\" data-element_type=\"container\">\n\t\t\t\t\t<div class=\"e-con-inner\">\n\t\t\t\t<div class=\"elementor-element elementor-element-6545f93 elementor-widget__width-inherit elementor-widget elementor-widget-heading\" data-id=\"6545f93\" data-element_type=\"widget\" data-widget_type=\"heading.default\">\n\t\t\t\t<div class=\"elementor-widget-container\">\n\t\t\t\t\t<h5 class=\"elementor-heading-title elementor-size-default\">\nThe graphs show that the VIBRAM DIFLEX ULTRACOMFORT slabs guarantee a performance in line with the GOLD STANDARD material currently present on the international market.\nThe material, after being subjected to a compression test of 100,000 cycles, is left to rest for 24 hours before verifying the percentage loss of thickness; the material has a loss of only 21%.\nThis means that a slab with a starting thickness of 4 mm, after the 100,000 cycle test and after 24 hours of rest, will have a thickness of 3.16 mm; an ideal result compared to existing materials on the market.<\/h5>\t\t\t\t<\/div>\n\t\t\t\t<\/div>\n\t\t\t\t\t<\/div>\n\t\t\t\t<\/div>\n\t\t<div class=\"elementor-element elementor-element-0775a2a e-flex e-con-boxed e-con e-parent\" data-id=\"0775a2a\" data-element_type=\"container\">\n\t\t\t\t\t<div class=\"e-con-inner\">\n\t\t\t\t<div class=\"elementor-element elementor-element-717984f elementor-widget elementor-widget-shortcode\" data-id=\"717984f\" data-element_type=\"widget\" data-widget_type=\"shortcode.default\">\n\t\t\t\t<div class=\"elementor-widget-container\">\n\t\t\t\t\t\t\t<div class=\"elementor-shortcode\">\t\t<div data-elementor-type=\"section\" data-elementor-id=\"1233\" class=\"elementor elementor-1233\" data-elementor-post-type=\"elementor_library\">\n\t\t\t<div class=\"elementor-element elementor-element-5f739c8c e-flex e-con-boxed e-con e-parent\" data-id=\"5f739c8c\" data-element_type=\"container\">\n\t\t\t\t\t<div class=\"e-con-inner\">\n\t\t<div class=\"elementor-element elementor-element-53b2d78 e-flex e-con-boxed e-con e-child\" data-id=\"53b2d78\" data-element_type=\"container\" data-settings=\"{&quot;background_background&quot;:&quot;classic&quot;}\">\n\t\t\t\t\t<div class=\"e-con-inner\">\n\t\t\t\t<div class=\"elementor-element elementor-element-7dc8325e elementor-widget elementor-widget-heading\" data-id=\"7dc8325e\" data-element_type=\"widget\" data-widget_type=\"heading.default\">\n\t\t\t\t<div class=\"elementor-widget-container\">\n\t\t\t\t\t<div class=\"elementor-heading-title elementor-size-default\">FOR FURTHER INFORMATION, PLEASE FILL OUT THE CONTACT FORM. OUR TEAM IS READY TO ANSWER ALL YOUR REQUESTS!<\/div>\t\t\t\t<\/div>\n\t\t\t\t<\/div>\n\t\t\t\t<div class=\"elementor-element elementor-element-c17764a elementor-widget elementor-widget-button\" data-id=\"c17764a\" data-element_type=\"widget\" data-widget_type=\"button.default\">\n\t\t\t\t<div class=\"elementor-widget-container\">\n\t\t\t\t\t\t\t\t\t<div class=\"elementor-button-wrapper\">\n\t\t\t\t\t<a class=\"elementor-button elementor-button-link elementor-size-sm\" href=\"https:\/\/wellwalking.it\/eng\/contatti\/\">\n\t\t\t\t\t\t<span class=\"elementor-button-content-wrapper\">\n\t\t\t\t\t\t\t\t\t<span class=\"elementor-button-text\">CONTACT US<\/span>\n\t\t\t\t\t<\/span>\n\t\t\t\t\t<\/a>\n\t\t\t\t<\/div>\n\t\t\t\t\t\t\t\t<\/div>\n\t\t\t\t<\/div>\n\t\t\t\t\t<\/div>\n\t\t\t\t<\/div>\n\t\t\t\t\t<\/div>\n\t\t\t\t<\/div>\n\t\t\t\t<\/div>\n\t\t<\/div>\n\t\t\t\t\t\t<\/div>\n\t\t\t\t<\/div>\n\t\t\t\t\t<\/div>\n\t\t\t\t<\/div>\n\t\t\t\t<\/div>","protected":false},"excerpt":{"rendered":"<p>Solamente materiali di qualit\u00e0 superiore Vibram Vibram \u00e8 leader nello sviluppo di prodotti per il settore ortopedico sin da met\u00e0 degli anni \u201870. La ricerca e sviluppo di Vibram ha focalizzato notevoli sforzi nello studio e successivamente nello sviluppo di compound espansi da utilizzare sia nei prodotti comfort calzaturieri sia per la customizzazione di calzature [&hellip;]<\/p>","protected":false},"author":1,"featured_media":0,"parent":3419,"menu_order":0,"comment_status":"closed","ping_status":"closed","template":"","meta":{"footnotes":""},"class_list":["post-646","page","type-page","status-publish","hentry"],"aioseo_notices":[],"_links":{"self":[{"href":"https:\/\/wellwalking.it\/eng\/wp-json\/wp\/v2\/pages\/646","targetHints":{"allow":["GET"]}}],"collection":[{"href":"https:\/\/wellwalking.it\/eng\/wp-json\/wp\/v2\/pages"}],"about":[{"href":"https:\/\/wellwalking.it\/eng\/wp-json\/wp\/v2\/types\/page"}],"author":[{"embeddable":true,"href":"https:\/\/wellwalking.it\/eng\/wp-json\/wp\/v2\/users\/1"}],"replies":[{"embeddable":true,"href":"https:\/\/wellwalking.it\/eng\/wp-json\/wp\/v2\/comments?post=646"}],"version-history":[{"count":127,"href":"https:\/\/wellwalking.it\/eng\/wp-json\/wp\/v2\/pages\/646\/revisions"}],"predecessor-version":[{"id":4612,"href":"https:\/\/wellwalking.it\/eng\/wp-json\/wp\/v2\/pages\/646\/revisions\/4612"}],"up":[{"embeddable":true,"href":"https:\/\/wellwalking.it\/eng\/wp-json\/wp\/v2\/pages\/3419"}],"wp:attachment":[{"href":"https:\/\/wellwalking.it\/eng\/wp-json\/wp\/v2\/media?parent=646"}],"curies":[{"name":"wp","href":"https:\/\/api.w.org\/{rel}","templated":true}]}}